{"id":4175,"date":"2023-10-10T01:40:29","date_gmt":"2023-10-10T01:40:29","guid":{"rendered":"https:\/\/wordpresswolf.woodwolf.com.br\/wp\/?page_id=4175"},"modified":"2023-10-10T01:40:29","modified_gmt":"2023-10-10T01:40:29","slug":"regional-norte-1","status":"publish","type":"page","link":"https:\/\/wordpresswolf.woodwolf.com.br\/wp\/regional-norte-1\/","title":{"rendered":"Regional Norte 1"},"content":{"rendered":"\n<p><\/p>\n\n\n\n<div class=\"wp-block-columns is-layout-flex wp-container-core-columns-is-layout-9d6595d7 wp-block-columns-is-layout-flex\">\n<div class=\"wp-block-column is-layout-flow wp-block-column-is-layout-flow\" style=\"flex-basis:100%\">\n<figure class=\"wp-block-table\"><table><tbody><tr><td><img loading=\"lazy\" decoding=\"async\" width=\"150\" height=\"150\" class=\"wp-image-4166\" style=\"width: 150px;\" src=\"https:\/\/wordpresswolf.woodwolf.com.br\/wp\/wp-content\/uploads\/2023\/10\/pastoral.png\" alt=\"\" srcset=\"https:\/\/wordpresswolf.woodwolf.com.br\/wp\/wp-content\/uploads\/2023\/10\/pastoral.png 1300w, https:\/\/wordpresswolf.woodwolf.com.br\/wp\/wp-content\/uploads\/2023\/10\/pastoral-300x300.png 300w, https:\/\/wordpresswolf.woodwolf.com.br\/wp\/wp-content\/uploads\/2023\/10\/pastoral-1024x1024.png 1024w, https:\/\/wordpresswolf.woodwolf.com.br\/wp\/wp-content\/uploads\/2023\/10\/pastoral-150x150.png 150w, https:\/\/wordpresswolf.woodwolf.com.br\/wp\/wp-content\/uploads\/2023\/10\/pastoral-768x768.png 768w, https:\/\/wordpresswolf.woodwolf.com.br\/wp\/wp-content\/uploads\/2023\/10\/pastoral-600x600.png 600w, https:\/\/wordpresswolf.woodwolf.com.br\/wp\/wp-content\/uploads\/2023\/10\/pastoral-100x100.png 100w\" sizes=\"auto, (max-width: 150px) 100vw, 150px\" \/><br><strong>Telefone:<\/strong><br>(61) 99965-1230<br><br><a href=\"https:\/\/www.icaps.org.br\/\"><img loading=\"lazy\" decoding=\"async\" width=\"150\" height=\"187\" class=\"wp-image-4167\" style=\"width: 150px;\" src=\"https:\/\/wordpresswolf.woodwolf.com.br\/wp\/wp-content\/uploads\/2023\/10\/pastoral2.jpg\" alt=\"\"><\/a><br><br><a href=\"https:\/\/www.cnbb.org.br\/\"><img loading=\"lazy\" decoding=\"async\" width=\"150\" height=\"134\" class=\"wp-image-4168\" style=\"width: 150px;\" src=\"https:\/\/wordpresswolf.woodwolf.com.br\/wp\/wp-content\/uploads\/2023\/10\/Marca-CNBB-transparente.png\" alt=\"\"><\/a><\/td><td><strong><span style=\"color: #ffffff;background-color: #8bc178\" class=\"stk-highlight\"><strong>EQUIPE DE ARTICULA\u00c7\u00c3O<\/strong><\/span><\/strong><br><br>Assessora Eclesi\u00e1stica Articuladora:<br>Coordenador Articulador: <strong>Paulo Sarraff Pereira<\/strong><br>Vice Articuladora: <strong>Maria Rita Cruz Avelino<\/strong><br>Secret\u00e1ria Articuladora: <strong>Juanize da Silva Farias<\/strong><br>Vice Secretaria Articuladora: <strong>Antonia Naida Pereira do Nascimento<\/strong><br>Tesoureira Articuladora: <strong>Izabel Maria Galucio dos Santos<\/strong><br>Vice tesoureira Articuladora: <strong>Katia Pereira de Andrade Siqueir<\/strong>a<br><br><span style=\"color: #222222;background-color: #f2d949\" class=\"stk-highlight\">Provis\u00e3o TRANSIT\u00d3RIA<\/span><br><br><img loading=\"lazy\" decoding=\"async\" width=\"600\" height=\"600\" class=\"wp-image-4176\" style=\"width: 600px;\" src=\"https:\/\/wordpresswolf.woodwolf.com.br\/wp\/wp-content\/uploads\/2023\/10\/Norte1.jpg\" alt=\"\" srcset=\"https:\/\/wordpresswolf.woodwolf.com.br\/wp\/wp-content\/uploads\/2023\/10\/Norte1.jpg 972w, https:\/\/wordpresswolf.woodwolf.com.br\/wp\/wp-content\/uploads\/2023\/10\/Norte1-300x300.jpg 300w, https:\/\/wordpresswolf.woodwolf.com.br\/wp\/wp-content\/uploads\/2023\/10\/Norte1-150x150.jpg 150w, https:\/\/wordpresswolf.woodwolf.com.br\/wp\/wp-content\/uploads\/2023\/10\/Norte1-768x768.jpg 768w, https:\/\/wordpresswolf.woodwolf.com.br\/wp\/wp-content\/uploads\/2023\/10\/Norte1-600x600.jpg 600w, https:\/\/wordpresswolf.woodwolf.com.br\/wp\/wp-content\/uploads\/2023\/10\/Norte1-100x100.jpg 100w\" sizes=\"auto, (max-width: 600px) 100vw, 600px\" \/><\/td><\/tr><\/tbody><\/table><\/figure>\n<\/div>\n<\/div>\n","protected":false},"excerpt":{"rendered":"<p>Telefone:(61) 99965-1230 EQUIPE DE ARTICULA\u00c7\u00c3O Assessora Eclesi\u00e1stica Articuladora:Coordenador Articulador: Paulo Sarraff PereiraVice Articuladora: Maria Rita Cruz AvelinoSecret\u00e1ria Articuladora: Juanize da Silva FariasVice Secretaria Articuladora: Antonia Naida Pereira do NascimentoTesoureira Articuladora: Izabel Maria Galucio dos SantosVice tesoureira Articuladora: Katia Pereira de Andrade Siqueira Provis\u00e3o TRANSIT\u00d3RIA<\/p>\n","protected":false},"author":1,"featured_media":0,"parent":0,"menu_order":0,"comment_status":"closed","ping_status":"closed","template":"","meta":{"footnotes":""},"class_list":["post-4175","page","type-page","status-publish","hentry"],"blocksy_meta":{"styles_descriptor":{"styles":{"desktop":"","tablet":"","mobile":""},"google_fonts":[],"version":4}},"featured_image_urls":{"full":"","thumbnail":"","medium":"","medium_large":"","large":"","1536x1536":"","2048x2048":"","woocommerce_thumbnail":"","woocommerce_single":"","woocommerce_gallery_thumbnail":"","shop_catalog":"","shop_single":"","shop_thumbnail":""},"post_excerpt_stackable":"<p>Telefone:(61) 99965-1230EQUIPE DE ARTICULA\u00c7\u00c3OAssessora Eclesi\u00e1stica Articuladora:Coordenador Articulador: Paulo Sarraff PereiraVice Articuladora: Maria Rita Cruz AvelinoSecret\u00e1ria Articuladora: Juanize da Silva FariasVice Secretaria Articuladora: Antonia Naida Pereira do NascimentoTesoureira Articuladora: Izabel Maria Galucio dos SantosVice tesoureira Articuladora: Katia Pereira de Andrade SiqueiraProvis\u00e3o TRANSIT\u00d3RIA<\/p>\n","category_list":"","author_info":{"name":"admin","url":"https:\/\/wordpresswolf.woodwolf.com.br\/wp\/author\/admin\/"},"comments_num":"0 coment\u00e1rio","featured_image_urls_v2":{"full":"","thumbnail":"","medium":"","medium_large":"","large":"","1536x1536":"","2048x2048":"","woocommerce_thumbnail":"","woocommerce_single":"","woocommerce_gallery_thumbnail":"","shop_catalog":"","shop_single":"","shop_thumbnail":""},"post_excerpt_stackable_v2":"<p>Telefone:(61) 99965-1230EQUIPE DE ARTICULA\u00c7\u00c3OAssessora Eclesi\u00e1stica Articuladora:Coordenador Articulador: Paulo Sarraff PereiraVice Articuladora: Maria Rita Cruz AvelinoSecret\u00e1ria Articuladora: Juanize da Silva FariasVice Secretaria Articuladora: Antonia Naida Pereira do NascimentoTesoureira Articuladora: Izabel Maria Galucio dos SantosVice tesoureira Articuladora: Katia Pereira de Andrade SiqueiraProvis\u00e3o TRANSIT\u00d3RIA<\/p>\n","category_list_v2":"","author_info_v2":{"name":"admin","url":"https:\/\/wordpresswolf.woodwolf.com.br\/wp\/author\/admin\/"},"comments_num_v2":"0 coment\u00e1rio","_links":{"self":[{"href":"https:\/\/wordpresswolf.woodwolf.com.br\/wp\/wp-json\/wp\/v2\/pages\/4175","targetHints":{"allow":["GET"]}}],"collection":[{"href":"https:\/\/wordpresswolf.woodwolf.com.br\/wp\/wp-json\/wp\/v2\/pages"}],"about":[{"href":"https:\/\/wordpresswolf.woodwolf.com.br\/wp\/wp-json\/wp\/v2\/types\/page"}],"author":[{"embeddable":true,"href":"https:\/\/wordpresswolf.woodwolf.com.br\/wp\/wp-json\/wp\/v2\/users\/1"}],"replies":[{"embeddable":true,"href":"https:\/\/wordpresswolf.woodwolf.com.br\/wp\/wp-json\/wp\/v2\/comments?post=4175"}],"version-history":[{"count":1,"href":"https:\/\/wordpresswolf.woodwolf.com.br\/wp\/wp-json\/wp\/v2\/pages\/4175\/revisions"}],"predecessor-version":[{"id":4177,"href":"https:\/\/wordpresswolf.woodwolf.com.br\/wp\/wp-json\/wp\/v2\/pages\/4175\/revisions\/4177"}],"wp:attachment":[{"href":"https:\/\/wordpresswolf.woodwolf.com.br\/wp\/wp-json\/wp\/v2\/media?parent=4175"}],"curies":[{"name":"wp","href":"https:\/\/api.w.org\/{rel}","templated":true}]}}